{"id":1129,"date":"2015-02-08T20:37:15","date_gmt":"2015-02-08T18:37:15","guid":{"rendered":"http:\/\/www.touchheaven.net\/?page_id=1129"},"modified":"2026-04-10T22:08:07","modified_gmt":"2026-04-10T20:08:07","slug":"startplatz-zettersfeld","status":"publish","type":"page","link":"https:\/\/touchheaven.net\/en\/startplatz-zettersfeld\/","title":{"rendered":"Flying Area Zettersfeld"},"content":{"rendered":"<figure class=\"wp-block-image size-full\"><a href=\"https:\/\/touchheaven.net\/wp-content\/uploads\/2026\/04\/Zettersfeld_flying_area.gif\"><img loading=\"lazy\" decoding=\"async\" width=\"998\" height=\"873\" src=\"https:\/\/touchheaven.net\/wp-content\/uploads\/2026\/04\/Zettersfeld_flying_area.gif\" alt=\"\" class=\"wp-image-1712\"\/><\/a><\/figure>\n\n\n\n<p>Launch altitude 2,195m (Steinermandl W\/E) or 1,455m (Ebnerfeld)<\/p>\n\n\n\n<details class=\"wp-block-details is-layout-flow wp-block-details-is-layout-flow\"><summary>Characteristics and XC Options<\/summary>\n<p>Zettersfeld is our standard flying site. Beautiful flights are possible here in every season: leisurely glides down to the valley with wonderful views of the town of Lienz and the Lienz Dolomites, as well as thermal and cross-country flights. The Zettersfeld is a good starting point for flights northwest into the Isel Valley and the Hohe Tauern range, as well as east towards the M\u00f6ll and Drau valleys (Greifenburg flying area). Flights west into the Pustertal require a high \naltitude before crossing the valley to Hochstein. Click here for the thermal map at <a href=\"https:\/\/thermal.kk7.ch\/#46.886,12.785,12\" data-type=\"link\" data-id=\"https:\/\/thermal.kk7.ch\/#46.886,12.785,12\" target=\"_blank\" rel=\"noreferrer noopener\">thermal.kk7.ch<\/a>.<\/p>\n<\/details>\n\n\n\n<details class=\"wp-block-details is-layout-flow wp-block-details-is-layout-flow\"><summary>Rules of the Game!<\/summary>\n<p>Zettersfeld is a popular ski resort in winter, a popular hiking destination in summer, and the alpine pastures are used for grazing cattle. We are therefore not the only users of this mountain, so it is essential to follow these rules:<\/p>\n\n\n\n<p class=\"has-text-color has-link-color wp-elements-061c4d0f37ca05f6fa48674f84bd5250\" style=\"color:#f70101;font-style:normal;font-weight:600\">No start on the ski slope in the winter season: During the lift operation, a separate launch field is prepared for us at the Steinermandl West launch site.<\/p>\n\n\n\n<p class=\"has-text-color has-link-color wp-elements-600a1930698de3f488b707ee79b661d4\" style=\"color:#f70101;font-style:normal;font-weight:600\">A minimum altitude of 50m above the ski slopes must be maintained. Flying close to the terrain and speed gliding are strictly prohibited in these areas.<\/p>\n\n\n\n<p class=\"has-text-color has-link-color wp-elements-29f2921d089fba7126c910c02c10c3f6\" style=\"color:#f70101;font-style:normal;font-weight:600\">Top landing is only allowed at the Steinermandl West launch site.<\/p>\n\n\n\n<figure class=\"wp-block-image aligncenter size-full is-resized\" style=\"margin-top:var(--wp--preset--spacing--30);margin-right:var(--wp--preset--spacing--50);margin-bottom:var(--wp--preset--spacing--30);margin-left:var(--wp--preset--spacing--50)\"><a href=\"https:\/\/touchheaven.net\/wp-content\/uploads\/2013\/03\/20130212_154032.jpg\"><img loading=\"lazy\" decoding=\"async\" width=\"750\" height=\"750\" src=\"https:\/\/touchheaven.net\/wp-content\/uploads\/2026\/04\/20130212_154032-edited.jpg\" alt=\"\" class=\"wp-image-1981\" style=\"width:537px;height:auto\" srcset=\"https:\/\/touchheaven.net\/wp-content\/uploads\/2026\/04\/20130212_154032-edited.jpg 750w, https:\/\/touchheaven.net\/wp-content\/uploads\/2026\/04\/20130212_154032-edited-300x300.jpg 300w, https:\/\/touchheaven.net\/wp-content\/uploads\/2026\/04\/20130212_154032-edited-150x150.jpg 150w, https:\/\/touchheaven.net\/wp-content\/uploads\/2026\/04\/20130212_154032-edited-12x12.jpg 12w\" sizes=\"auto, (max-width: 750px) 100vw, 750px\" \/><\/a><\/figure>\n\n\n\n<p class=\"has-text-color has-link-color wp-elements-691cbd2b6f03160c03bff2151fecf498\" style=\"color:#f70101;font-style:normal;font-weight:600\">Of course, all legal regulations for visual flight apply. Flying through a winter fog layer without ground visibility is not only illegal, in the case of this flying area it is in fact extremely dangerous as rescue helicopters fly to the nearby hospital several times a day.<\/p>\n<\/details>\n\n\n\n<p class=\"has-large-font-size\"><strong>Launch Sites Steinermandl W and E<\/strong><\/p>\n\n\n\n<figure class=\"wp-block-image size-full\"><a href=\"https:\/\/touchheaven.net\/wp-content\/uploads\/2026\/04\/Steinermandl_launch_site.gif\"><img loading=\"lazy\" decoding=\"async\" width=\"990\" height=\"632\" src=\"https:\/\/touchheaven.net\/wp-content\/uploads\/2026\/04\/Steinermandl_launch_site.gif\" alt=\"\" class=\"wp-image-1716\"\/><\/a><\/figure>\n\n\n\n<details class=\"wp-block-details is-layout-flow wp-block-details-is-layout-flow\"><summary>Accessibility<\/summary>\n<p>The Steinermandl launch sites are easily accessible via the Zettersfeld cable car and the Steinermandl chairlift. You can find information about operating times <a href=\"https:\/\/www.lienzer-bergbahnen.at\/de\/service\">here<\/a>. If the cable car is not in operation, you can drive up the Zettersfeld toll road to approximately 1,850 meters (parking lot near the Rottmann-Alm) and then hike up the remaining 350 meters of elevation difference.<\/p>\n<\/details>\n\n\n\n<details class=\"wp-block-details is-layout-flow wp-block-details-is-layout-flow\"><summary>Launch Site Steinermandl West<\/summary>\n<p>This is our main launch site for wind directions from SSE to WSW. It is just a few steps from the chair lift station. Right next to it there is the Steinermandl restaurant, whose terrace is a great place to get in the mood for flying, watch others preparing for launch, discuss the current weather conditions, etc. In summer, launches take place directly on the ski slope, and in winter, to the west of it. The launch area is very wide and offers enough space for several paragliders to prepare for launch; the run-up is generous, there are no obstacles (except for the cows in summer\u2026), making this a suitable launch site even for less experienced pilots. <a href=\"https:\/\/www.youtube.com\/watch?v=03QneJknol0\" data-type=\"link\" data-id=\"https:\/\/www.youtube.com\/watch?v=03QneJknol0\" target=\"_blank\" rel=\"noreferrer noopener\">Link to the Paraspotting video<\/a>.<\/p>\n\n\n\n<figure class=\"wp-block-image size-full is-resized\"><a href=\"https:\/\/touchheaven.net\/wp-content\/uploads\/2025\/09\/Startplatz_Steinermandl_W_Winter.jpg\"><img loading=\"lazy\" decoding=\"async\" width=\"1366\" height=\"910\" src=\"https:\/\/touchheaven.net\/wp-content\/uploads\/2025\/09\/Startplatz_Steinermandl_W_Winter.jpg\" alt=\"\" class=\"wp-image-1907\" style=\"width:742px;height:auto\" srcset=\"https:\/\/touchheaven.net\/wp-content\/uploads\/2025\/09\/Startplatz_Steinermandl_W_Winter.jpg 1366w, https:\/\/touchheaven.net\/wp-content\/uploads\/2025\/09\/Startplatz_Steinermandl_W_Winter-300x200.jpg 300w, https:\/\/touchheaven.net\/wp-content\/uploads\/2025\/09\/Startplatz_Steinermandl_W_Winter-1024x682.jpg 1024w, https:\/\/touchheaven.net\/wp-content\/uploads\/2025\/09\/Startplatz_Steinermandl_W_Winter-768x512.jpg 768w\" sizes=\"auto, (max-width: 1366px) 100vw, 1366px\" \/><\/a><figcaption class=\"wp-element-caption\">In winter, a separate launch field is prepared next to the ski slope.<\/figcaption><\/figure>\n<\/details>\n\n\n\n<details class=\"wp-block-details is-layout-flow wp-block-details-is-layout-flow\"><summary>Launch Site Steinermandl East<\/summary>\n<p>This launch site is often used when there is a strong  wind from E or SE. It is not as spacious as the main launch site, but also very pleasant and free of obstacles. <a href=\"https:\/\/www.youtube.com\/watch?v=zJfVssMibCk\" target=\"_blank\" rel=\"noreferrer noopener\">Link to the Paraspotting video<\/a>.<\/p>\n<\/details>\n\n\n\n<details class=\"wp-block-details is-layout-flow wp-block-details-is-layout-flow\"><summary>Landing Site<\/summary>\n<p>The landing site <a href=\"https:\/\/touchheaven.net\/en\/landeplatz\/\" data-type=\"page\" data-id=\"198\">Postleite<\/a> is not visible from the launch sites at Steinermandl. Its location only becomes visible when flying over the edge of the terrain near the Zettersfeld cable car top station.<\/p>\n<\/details>\n\n\n\n<p class=\"has-large-font-size\"><strong>Launch Site Ebnerfeld<\/strong><\/p>\n\n\n\n<p>This launch site belonging to Flugschule Lienz is also available to guests. It is significantly lower than the launch sites at Steinermandl. It is often used during off-season when the Zettersfeld cable car is not in operation, or when launch conditions are unfavorable higher up (clouds, wind, etc.).<\/p>\n\n\n\n<figure class=\"wp-block-image size-full\"><a href=\"https:\/\/touchheaven.net\/wp-content\/uploads\/2026\/04\/Ebnerfeld_launch_site.gif\"><img loading=\"lazy\" decoding=\"async\" width=\"992\" height=\"673\" src=\"https:\/\/touchheaven.net\/wp-content\/uploads\/2026\/04\/Ebnerfeld_launch_site.gif\" alt=\"\" class=\"wp-image-1718\"\/><\/a><\/figure>\n\n\n\n<details class=\"wp-block-details is-layout-flow wp-block-details-is-layout-flow\"><summary>Accessibility<\/summary>\n<p>The launch site is located on the road from Lienz via Gaimberg to the Faschingalm. Cars can be parked directly next to the site on the roadside. Those without car can hike up from the Postleite landing site in about 1.5 to 2 hours.<\/p>\n<\/details>\n\n\n\n<details class=\"wp-block-details is-layout-flow wp-block-details-is-layout-flow\"><summary>Takeoff Situation<\/summary>\n<p>The Ebnerfeld launch site faces SSE. The takeoff stretch is relatively short, with a flat section in the end, after which the meadow soon becomes very steep; launch aborts should be initiated in good time. A slight tailwind can already make the launch quite challenging. In strong crosswinds, the adjacent trees can cause turbulences. <\/p>\n<\/details>\n\n\n\n<details class=\"wp-block-details is-layout-flow wp-block-details-is-layout-flow\"><summary>Landing Site<\/summary>\n<p>The Postleite landing site is not visible at takeoff, but soon after flying over the first terrain edge.<\/p>\n<\/details>\n\n\n\n<p>Attention: Some older databases list a launch site nearby with the name \"Kollnig\". This site is no longer available.<\/p>\n\n\n\n<p><\/p>","protected":false},"excerpt":{"rendered":"<p>Startplatzh\u00f6he 2.195m (Steinermandl W\/O) bzw. 1.455m (Ebnerfeld) Startpl\u00e4tze Steinermandl W und O Startplatz Ebnerfeld: Dieser Startplatz der Flugschule Lienz steht auch G\u00e4sten zur Verf\u00fcgung. Er liegt deutlich niedriger als die Startpl\u00e4tze am Steinermandl. Er wird gerne in der Zwischensaison verwendet, wenn die Seilbahn aufs Zettersfeld nicht in Betrieb ist, oder auch, wenn weiter oben die [&hellip;]<\/p>\n","protected":false},"author":26,"featured_media":0,"parent":0,"menu_order":0,"comment_status":"closed","ping_status":"closed","template":"","meta":{"footnotes":""},"class_list":["post-1129","page","type-page","status-publish","hentry"],"_links":{"self":[{"href":"https:\/\/touchheaven.net\/en\/wp-json\/wp\/v2\/pages\/1129","targetHints":{"allow":["GET"]}}],"collection":[{"href":"https:\/\/touchheaven.net\/en\/wp-json\/wp\/v2\/pages"}],"about":[{"href":"https:\/\/touchheaven.net\/en\/wp-json\/wp\/v2\/types\/page"}],"author":[{"embeddable":true,"href":"https:\/\/touchheaven.net\/en\/wp-json\/wp\/v2\/users\/26"}],"replies":[{"embeddable":true,"href":"https:\/\/touchheaven.net\/en\/wp-json\/wp\/v2\/comments?post=1129"}],"version-history":[{"count":22,"href":"https:\/\/touchheaven.net\/en\/wp-json\/wp\/v2\/pages\/1129\/revisions"}],"predecessor-version":[{"id":1985,"href":"https:\/\/touchheaven.net\/en\/wp-json\/wp\/v2\/pages\/1129\/revisions\/1985"}],"wp:attachment":[{"href":"https:\/\/touchheaven.net\/en\/wp-json\/wp\/v2\/media?parent=1129"}],"curies":[{"name":"wp","href":"https:\/\/api.w.org\/{rel}","templated":true}]}}