{"id":1683,"date":"2025-08-04T22:37:31","date_gmt":"2025-08-04T20:37:31","guid":{"rendered":"https:\/\/touchheaven.net\/?page_id=1683"},"modified":"2025-09-08T19:44:35","modified_gmt":"2025-09-08T17:44:35","slug":"start","status":"publish","type":"page","link":"https:\/\/touchheaven.net\/en\/","title":{"rendered":"Welcome!"},"content":{"rendered":"<figure class=\"wp-block-image aligncenter size-large is-resized\"><a href=\"https:\/\/touchheaven.net\/wp-content\/uploads\/2025\/08\/Ebnerfeld-6.jpg\"><img loading=\"lazy\" decoding=\"async\" width=\"934\" height=\"1024\" src=\"https:\/\/touchheaven.net\/wp-content\/uploads\/2025\/08\/Ebnerfeld-6-934x1024.jpg\" alt=\"\" class=\"wp-image-1686\" style=\"width:600px\" srcset=\"https:\/\/touchheaven.net\/wp-content\/uploads\/2025\/08\/Ebnerfeld-6-934x1024.jpg 934w, https:\/\/touchheaven.net\/wp-content\/uploads\/2025\/08\/Ebnerfeld-6-273x300.jpg 273w, https:\/\/touchheaven.net\/wp-content\/uploads\/2025\/08\/Ebnerfeld-6-768x842.jpg 768w, https:\/\/touchheaven.net\/wp-content\/uploads\/2025\/08\/Ebnerfeld-6-1400x1536.jpg 1400w, https:\/\/touchheaven.net\/wp-content\/uploads\/2025\/08\/Ebnerfeld-6-940x1031.jpg 940w, https:\/\/touchheaven.net\/wp-content\/uploads\/2025\/08\/Ebnerfeld-6.jpg 1867w\" sizes=\"auto, (max-width: 934px) 100vw, 934px\" \/><\/a><\/figure>\n\n\n\n<p class=\"has-contrast-color has-text-color has-link-color wp-elements-d7b671b007b20efa20436a6bd4813025\">Welcome to the Touch Heaven Lienz Paragliding Club in East Tyrol (Austria). On these pages, we introduce ourselves and our flying sites, which are among the most beautiful in the Eastern Alps.<\/p>\n\n\n\n<p>This information has been provided for independent pilots; visitors interested in tandem flights can find information on relevant offers <a href=\"https:\/\/touchheaven.net\/en\/tandemfluege\/\" data-type=\"page\" data-id=\"1695\">here<\/a>.<\/p>","protected":false},"excerpt":{"rendered":"<p>Willkommen beim Paragleiter-Club Touch Heaven Lienz in Osttirol (AT). Auf diesen Seiten stellen wir uns und unsere Fluggebiete vor, die zu den sch\u00f6nsten der Ostalpen z\u00e4hlen. Die Informationen richten sich an selbst\u00e4ndige Piloten; wer Interesse an Tandemfl\u00fcgen hat, findet Hinweise auf entsprechende Angebote hier.<\/p>","protected":false},"author":26,"featured_media":0,"parent":0,"menu_order":0,"comment_status":"closed","ping_status":"closed","template":"","meta":{"footnotes":""},"class_list":["post-1683","page","type-page","status-publish","hentry"],"_links":{"self":[{"href":"https:\/\/touchheaven.net\/en\/wp-json\/wp\/v2\/pages\/1683","targetHints":{"allow":["GET"]}}],"collection":[{"href":"https:\/\/touchheaven.net\/en\/wp-json\/wp\/v2\/pages"}],"about":[{"href":"https:\/\/touchheaven.net\/en\/wp-json\/wp\/v2\/types\/page"}],"author":[{"embeddable":true,"href":"https:\/\/touchheaven.net\/en\/wp-json\/wp\/v2\/users\/26"}],"replies":[{"embeddable":true,"href":"https:\/\/touchheaven.net\/en\/wp-json\/wp\/v2\/comments?post=1683"}],"version-history":[{"count":17,"href":"https:\/\/touchheaven.net\/en\/wp-json\/wp\/v2\/pages\/1683\/revisions"}],"predecessor-version":[{"id":1919,"href":"https:\/\/touchheaven.net\/en\/wp-json\/wp\/v2\/pages\/1683\/revisions\/1919"}],"wp:attachment":[{"href":"https:\/\/touchheaven.net\/en\/wp-json\/wp\/v2\/media?parent=1683"}],"curies":[{"name":"wp","href":"https:\/\/api.w.org\/{rel}","templated":true}]}}