{"id":1729,"date":"2025-08-05T00:17:01","date_gmt":"2025-08-04T22:17:01","guid":{"rendered":"https:\/\/touchheaven.net\/?page_id=1729"},"modified":"2025-09-08T19:53:09","modified_gmt":"2025-09-08T17:53:09","slug":"fluggebiet-hochstein","status":"publish","type":"page","link":"https:\/\/touchheaven.net\/en\/fluggebiet-hochstein\/","title":{"rendered":"Flying Area Hochstein"},"content":{"rendered":"<figure class=\"wp-block-image size-large\"><a href=\"https:\/\/touchheaven.net\/wp-content\/uploads\/2026\/04\/Hochstein_flying_area.gif\"><img loading=\"lazy\" decoding=\"async\" width=\"1024\" height=\"785\" src=\"https:\/\/touchheaven.net\/wp-content\/uploads\/2026\/04\/Hochstein_flying_area.gif\" alt=\"\" class=\"wp-image-1730\" sizes=\"auto, (max-width: 1024px) 100vw, 1024px\" \/><\/a><\/figure>\n\n\n\n<p>Launch site elevation 1,920m; altitude difference 1,250m<\/p>\n\n\n\n<p><\/p>\n\n\n\n<details class=\"wp-block-details is-layout-flow wp-block-details-is-layout-flow\"><summary>Characteristics and XC Options<\/summary>\n<p>Hochstein is a very popular starting point for cross-country flights westward into the Pustertal, as thermals develop early on its southeast-facing slopes. Also glides in the early morning, for example after an overnight stay at the Hochstein Hut, or in the late afternoon are also wonderful experiences with spectacular views of the Lienz Basin. Click here for the thermal map at <a href=\"https:\/\/thermal.kk7.ch\/#46.809,12.706,13\" target=\"_blank\" rel=\"noreferrer noopener\">thermal.kk7.ch<\/a>.<\/p>\n<\/details>\n\n\n\n<details class=\"wp-block-details is-layout-flow wp-block-details-is-layout-flow\"><summary>Accessibility<\/summary>\n<p>Compared to Zettersfeld with its lift connection, the Hochstein launch site is more difficult to reach.<\/p>\n\n\n\n<p>Hike from Sternalm: When the <a href=\"https:\/\/www.lienzer-bergbahnen.at\/de\/service\">Hochstein lifts<\/a> are in operation (summer season only), you can reach the launch site from the chairlift top station at  Sternalm in a hike of approximately 1\u00bd hours via the \"M\u00e4rchensteig\" (ca. 400 meters elevation difference)<\/p>\n\n\n\n<p>Access via the Hochstein road: This toll road leads from Bannberg to just below the Hochstein Hut. From the parking lot at the end of the road, the launch site can be reached directly via a forest track in about 15 minutes; however, the detour via the <a href=\"https:\/\/www.hochsteinh\u00fctte.at\/\">Hochstein Hut<\/a> is worthwhile for its magnificent panoramic views and culinary offerings. The road is open from May to October; during the winter months, the launch site can only be reached via a longer hike from Bannberg or Lienz.<\/p>\n<\/details>\n\n\n\n<details class=\"wp-block-details is-layout-flow wp-block-details-is-layout-flow\"><summary>Take-off Situation<\/summary>\n<p>The launch site at 1,920m altitude, near the top station of a disused ski lift, is very spacious and usually allows for stress-free takeoffs to the east. The south-facing slope to the right behind the lift line often offers good thermal lift.<\/p>\n\n\n\n<figure class=\"wp-block-image size-full\"><a href=\"https:\/\/touchheaven.net\/wp-content\/uploads\/2026\/04\/Hochstein_launch_site.gif\"><img loading=\"lazy\" decoding=\"async\" width=\"991\" height=\"565\" src=\"https:\/\/touchheaven.net\/wp-content\/uploads\/2026\/04\/Hochstein_launch_site.gif\" alt=\"\" class=\"wp-image-1731\"\/><\/a><\/figure>\n\n\n\n<figure class=\"wp-block-image aligncenter size-large is-resized\"><a href=\"https:\/\/touchheaven.net\/wp-content\/uploads\/2025\/09\/Startplatz_Hochstein.jpg\"><img loading=\"lazy\" decoding=\"async\" width=\"1024\" height=\"768\" src=\"https:\/\/touchheaven.net\/wp-content\/uploads\/2025\/09\/Startplatz_Hochstein-1024x768.jpg\" alt=\"\" class=\"wp-image-1910\" style=\"width:620px;height:auto\" srcset=\"https:\/\/touchheaven.net\/wp-content\/uploads\/2025\/09\/Startplatz_Hochstein-1024x768.jpg 1024w, https:\/\/touchheaven.net\/wp-content\/uploads\/2025\/09\/Startplatz_Hochstein-300x225.jpg 300w, https:\/\/touchheaven.net\/wp-content\/uploads\/2025\/09\/Startplatz_Hochstein-768x576.jpg 768w, https:\/\/touchheaven.net\/wp-content\/uploads\/2025\/09\/Startplatz_Hochstein.jpg 1387w\" sizes=\"auto, (max-width: 1024px) 100vw, 1024px\" \/><\/a><figcaption class=\"wp-element-caption\">Ample space when taking off towards East<\/figcaption><\/figure>\n<\/details>\n\n\n\n<details class=\"wp-block-details is-layout-flow wp-block-details-is-layout-flow\"><summary>Landing Sites<\/summary>\n<p>In calm conditions or with only a light easterly wind, our <a href=\"https:\/\/touchheaven.net\/en\/landeplatz\/\" data-type=\"page\" data-id=\"198\">Landing Site Postleite<\/a> is well within the gliding angle range. Sufficient altitude should be available to cross the high-voltage power line west of the landing site. With stronger valley winds in the afternoon (see <a href=\"https:\/\/touchheaven.net\/en\/wetter-info\/\" data-type=\"page\" data-id=\"1776\">Weather Information<\/a>), this can become tight, so it is advisable to look out for potential emergency landing options in meadows outside the built-up area of \u200b\u200bLienz in good time, e.g., south of the town towards Amlach and Leisach or north of the Isel river towards Oberlienz. Should the valley wind be so strong that even these areas cannot be reached with certainty, it is advisable to land on the ski slope before entering the densely populated valley floor, e.g., in the Moosalm area.<\/p>\n<\/details>\n\n\n\n<p>Attention: Some older databases list two landing sites that are no longer usable. Landing directly at the bottom station of the cable car is not possible.<\/p>","protected":false},"excerpt":{"rendered":"<p>Startplatzh\u00f6he 1.920m; H\u00f6hendifferenz 1.250m Achtung: In einigen \u00e4lteren Datenbanken finden sich zwei heute nicht mehr nutzbare Landepl\u00e4tze. Eine Landung direkt bei der Talstation der Seilbahn ist nicht m\u00f6glich.<\/p>","protected":false},"author":26,"featured_media":0,"parent":0,"menu_order":0,"comment_status":"closed","ping_status":"closed","template":"","meta":{"footnotes":""},"class_list":["post-1729","page","type-page","status-publish","hentry"],"_links":{"self":[{"href":"https:\/\/touchheaven.net\/en\/wp-json\/wp\/v2\/pages\/1729","targetHints":{"allow":["GET"]}}],"collection":[{"href":"https:\/\/touchheaven.net\/en\/wp-json\/wp\/v2\/pages"}],"about":[{"href":"https:\/\/touchheaven.net\/en\/wp-json\/wp\/v2\/types\/page"}],"author":[{"embeddable":true,"href":"https:\/\/touchheaven.net\/en\/wp-json\/wp\/v2\/users\/26"}],"replies":[{"embeddable":true,"href":"https:\/\/touchheaven.net\/en\/wp-json\/wp\/v2\/comments?post=1729"}],"version-history":[{"count":8,"href":"https:\/\/touchheaven.net\/en\/wp-json\/wp\/v2\/pages\/1729\/revisions"}],"predecessor-version":[{"id":2030,"href":"https:\/\/touchheaven.net\/en\/wp-json\/wp\/v2\/pages\/1729\/revisions\/2030"}],"wp:attachment":[{"href":"https:\/\/touchheaven.net\/en\/wp-json\/wp\/v2\/media?parent=1729"}],"curies":[{"name":"wp","href":"https:\/\/api.w.org\/{rel}","templated":true}]}}