{"id":1776,"date":"2025-08-05T21:20:52","date_gmt":"2025-08-05T19:20:52","guid":{"rendered":"https:\/\/touchheaven.net\/?page_id=1776"},"modified":"2026-04-20T14:53:05","modified_gmt":"2026-04-20T12:53:05","slug":"wetter-info","status":"publish","type":"page","link":"https:\/\/touchheaven.net\/en\/wetter-info\/","title":{"rendered":"Weather Info"},"content":{"rendered":"<p>The flying area around Lienz offers not only breathtaking views but also generally reliable weather conditions for paragliders and hanggliders. Nevertheless, the alpine terrain requires a good understanding of the local wind systems \u2013 especially the valley wind \u2013 as well as careful weather monitoring before each flight.<\/p>\n\n\n\n<figure class=\"wp-block-image size-large\"><a href=\"https:\/\/touchheaven.net\/wp-content\/uploads\/2025\/10\/Flug-ueber-Lienz.jpeg\"><img loading=\"lazy\" decoding=\"async\" width=\"1024\" height=\"766\" src=\"https:\/\/touchheaven.net\/wp-content\/uploads\/2025\/10\/Flug-ueber-Lienz-1024x766.jpeg\" alt=\"\" class=\"wp-image-1951\" srcset=\"https:\/\/touchheaven.net\/wp-content\/uploads\/2025\/10\/Flug-ueber-Lienz-1024x766.jpeg 1024w, https:\/\/touchheaven.net\/wp-content\/uploads\/2025\/10\/Flug-ueber-Lienz-300x225.jpeg 300w, https:\/\/touchheaven.net\/wp-content\/uploads\/2025\/10\/Flug-ueber-Lienz-768x575.jpeg 768w, https:\/\/touchheaven.net\/wp-content\/uploads\/2025\/10\/Flug-ueber-Lienz.jpeg 1499w\" sizes=\"auto, (max-width: 1024px) 100vw, 1024px\" \/><\/a><\/figure>\n\n\n\n<h2 class=\"wp-block-heading\">General Characteristics of the Weather Conditions in our Region<\/h2>\n\n\n\n<details class=\"wp-block-details is-layout-flow wp-block-details-is-layout-flow\"><summary>Valley Wind System<\/summary>\n<p>In Lienz, the valley wind is a key aspect of the daily weather pattern. In particular on sunny days, a distinct valley wind develops from the southeast (Drava Valley) during late morning, often persisting until late afternoon. This wind can reach speeds of 15 to 30 km\/h in the valley bottom \u2013 and occasionally even higher. For safe landings and takeoffs, this wind should be carefully considered and factored into flight planning.<\/p>\n<\/details>\n\n\n\n<details class=\"wp-block-details is-layout-flow wp-block-details-is-layout-flow\"><summary>Thermals<\/summary>\n<p>Thanks to its favorable location between the Lienz Dolomites to the south and the Zettersfeld plateau to the north, strong, reliable thermals often develop. The first updrafts form as early as late morning, developing into steady ones by the afternoon, and frequently offering opportunities for long cross-country flights. The thermals are generally well-structured, but can be weaker during periods of stable high air pressure.<\/p>\n<\/details>\n\n\n\n<details class=\"wp-block-details is-layout-flow wp-block-details-is-layout-flow\"><summary>Other Wind Systems and Special Features<\/summary>\n<p>In addition to valley winds, slope winds or local wind shear can also become noticeable under certain weather conditions \u2013 especially during thunderstorms or with northerly winds. In such cases, particular caution is advised, as flying conditions can deteriorate very quickly. Early weather analysis and, if necessary, consultation with local pilots or flying schools is therefore strongly recommended.<\/p>\n<\/details>\n\n\n\n<details class=\"wp-block-details is-layout-flow wp-block-details-is-layout-flow\"><summary>Recommendation<\/summary>\n<p>We recommend that all pilots thoroughly check the current weather conditions before each flight and always prepare for possible changes throughout the day. The area around Lienz offers excellent flying conditions \u2013 by respecting the local weather patterns, every flying day will be a safe experience.<\/p>\n<\/details>\n\n\n\n<h2 class=\"wp-block-heading\">Forecasts and Current Weather Conditions<\/h2>\n\n\n\n<details class=\"wp-block-details is-layout-flow wp-block-details-is-layout-flow\"><summary>Weather Forecasts<\/summary>\n<div class=\"wp-block-group has-global-padding is-layout-constrained wp-block-group-is-layout-constrained\">\n<ul class=\"wp-block-list\">\n<li><a href=\"https:\/\/www.dhv.de\/wetter\/dhv-wetter\/\" target=\"_blank\" rel=\"noreferrer noopener\">Flight Weather Forecast of DHV<\/a><br>A rough overview of the situation in the Southern Alps with thermal forecasts.<\/li>\n<\/ul>\n\n\n\n<ul class=\"wp-block-list\">\n<li><a href=\"https:\/\/www.geosphere.at\/en\/maps\/weather-forecast#tab=chart&amp;point_id=2003\" target=\"_blank\" rel=\"noreferrer noopener\">Weather Forecasts and Warnings for Lienz (Geosphere Austria)<\/a><\/li>\n<\/ul>\n<\/div>\n<\/details>\n\n\n\n<details class=\"wp-block-details is-layout-flow wp-block-details-is-layout-flow\"><summary>Weather Stations and Webcams in the Vicinity<\/summary>\n<div class=\"wp-block-group has-global-padding is-layout-constrained wp-block-group-is-layout-constrained\">\n<p>In the area around Lienz, there are numerous weather stations and webcams that help assess current weather conditions for paragliding. The following three sources should be consulted before every flight:<\/p>\n\n\n\n<ul class=\"wp-block-list\">\n<li><a href=\"https:\/\/www.lienzer-bergbahnen.at\/de\/\" target=\"_blank\" rel=\"noreferrer noopener\">Zettersfeld \u2013 Webcam and Weather Station of the Cablecar<\/a><br>The best view of the conditions at the Steinermandl West launch site; the webcam is only updated every 30 minutes, the weather data however is always up-to-date.<\/li>\n\n\n\n<li><a href=\"https:\/\/www.burnair.cloud\/?layers=lz%2Cto%2Clp%2Cpz%2Cfp%2Cna%2Cle%2Cca%2Cvw%2Ccc%2Ctt%2Cpt%2Ctl%2Ctp%2Cpp%2Cmp%2Cw-ch-jb%2Cw-ch-wp%2Cw-ch-uw%2Cmw%2Cmf%2Cw-ch-wr%2Cmrr%2Ctodhv%2Clzp&amp;visibility=off%2Coff%2Coff%2Coff%2Coff%2Coff%2Coff%2Coff%2Coff%2Coff%2Coff%2Coff%2Coff%2Coff%2Coff%2Coff%2Coff%2Coff%2Coff%2Con%2Con%2Coff%2Cauto%2Coff%2Coff#12\/46.7990\/12.8595\" target=\"_blank\" rel=\"noreferrer noopener\">Lienz Valley Bottom, 617m; Weather Station of Geosphere Austria (Graphics in burnair map)<\/a><br>This station is located slightly southeast of the Postleite landing site and reflects quite well the valley wind situation.<\/li>\n\n\n\n<li><a href=\"https:\/\/www.burnair.cloud\/?layers=lz%2Cto%2Clp%2Cpz%2Cfp%2Cna%2Cle%2Cca%2Cvw%2Ccc%2Ctt%2Cpt%2Ctl%2Ctp%2Cpp%2Cmp%2Cw-ch-jb%2Cw-ch-wp%2Cw-ch-uw%2Cmw%2Cmf%2Cw-ch-wr%2Cmrr%2Ctodhv%2Clzp&amp;visibility=off%2Coff%2Coff%2Coff%2Coff%2Coff%2Coff%2Coff%2Coff%2Coff%2Coff%2Coff%2Coff%2Coff%2Coff%2Coff%2Coff%2Coff%2Coff%2Con%2Con%2Coff%2Cauto%2Coff%2Coff#12\/47.0761\/12.8612\" target=\"_blank\" rel=\"noreferrer noopener\">Hoher Sonnblick; 3,106m; Weather Station of Geosphere Austria (Graphics in burnair map)<\/a><br>This station, located directly on the main ridge of the Hohe Tauern, provides important information about north foehn wind events. When strong northwest winds blow on the Sonnblick, they will soon reach the mountain ridges further south.<br><\/li>\n<\/ul>\n<\/div>\n<\/details>\n\n\n\n<figure class=\"wp-block-image size-large\"><a href=\"https:\/\/touchheaven.net\/wp-content\/uploads\/2025\/10\/Soaring_Zettersfeld_2025.jpg\"><img loading=\"lazy\" decoding=\"async\" width=\"1024\" height=\"683\" src=\"https:\/\/touchheaven.net\/wp-content\/uploads\/2025\/10\/Soaring_Zettersfeld_2025-1024x683.jpg\" alt=\"\" class=\"wp-image-1954\" srcset=\"https:\/\/touchheaven.net\/wp-content\/uploads\/2025\/10\/Soaring_Zettersfeld_2025-1024x683.jpg 1024w, https:\/\/touchheaven.net\/wp-content\/uploads\/2025\/10\/Soaring_Zettersfeld_2025-300x200.jpg 300w, https:\/\/touchheaven.net\/wp-content\/uploads\/2025\/10\/Soaring_Zettersfeld_2025-768x512.jpg 768w, https:\/\/touchheaven.net\/wp-content\/uploads\/2025\/10\/Soaring_Zettersfeld_2025-1536x1024.jpg 1536w, https:\/\/touchheaven.net\/wp-content\/uploads\/2025\/10\/Soaring_Zettersfeld_2025.jpg 1752w\" sizes=\"auto, (max-width: 1024px) 100vw, 1024px\" \/><\/a><figcaption class=\"wp-element-caption\">Every season has it charms...<\/figcaption><\/figure>","protected":false},"excerpt":{"rendered":"<p>Das Fluggebiet rund um Lienz bietet nicht nur atemberaubende Ausblicke, sondern auch meist zuverl\u00e4ssige Wetterbedingungen f\u00fcr Gleitschirm- und Drachenflieger. Dennoch erfordert das alpine Gel\u00e4nde ein gutes Verst\u00e4ndnis der lokalen Windsysteme \u2013 insbesondere des Talwinds \u2013 sowie eine aufmerksame Wetterbeobachtung vor jedem Flug. Generelles zu den Wetterbedingungen in unserer Gegend Aktuelle Prognosen und Wetterverh\u00e4ltnisse<\/p>","protected":false},"author":26,"featured_media":0,"parent":0,"menu_order":0,"comment_status":"closed","ping_status":"closed","template":"","meta":{"footnotes":""},"class_list":["post-1776","page","type-page","status-publish","hentry"],"_links":{"self":[{"href":"https:\/\/touchheaven.net\/en\/wp-json\/wp\/v2\/pages\/1776","targetHints":{"allow":["GET"]}}],"collection":[{"href":"https:\/\/touchheaven.net\/en\/wp-json\/wp\/v2\/pages"}],"about":[{"href":"https:\/\/touchheaven.net\/en\/wp-json\/wp\/v2\/types\/page"}],"author":[{"embeddable":true,"href":"https:\/\/touchheaven.net\/en\/wp-json\/wp\/v2\/users\/26"}],"replies":[{"embeddable":true,"href":"https:\/\/touchheaven.net\/en\/wp-json\/wp\/v2\/comments?post=1776"}],"version-history":[{"count":27,"href":"https:\/\/touchheaven.net\/en\/wp-json\/wp\/v2\/pages\/1776\/revisions"}],"predecessor-version":[{"id":2037,"href":"https:\/\/touchheaven.net\/en\/wp-json\/wp\/v2\/pages\/1776\/revisions\/2037"}],"wp:attachment":[{"href":"https:\/\/touchheaven.net\/en\/wp-json\/wp\/v2\/media?parent=1776"}],"curies":[{"name":"wp","href":"https:\/\/api.w.org\/{rel}","templated":true}]}}