{"id":1802,"date":"2025-08-07T14:39:38","date_gmt":"2025-08-07T12:39:38","guid":{"rendered":"https:\/\/touchheaven.net\/?page_id=1802"},"modified":"2025-08-30T23:49:29","modified_gmt":"2025-08-30T21:49:29","slug":"impressum-2","status":"publish","type":"page","link":"https:\/\/touchheaven.net\/en\/impressum-2\/","title":{"rendered":"Legal Notice\/Privacy Policy"},"content":{"rendered":"<h2 class=\"wp-block-heading has-contrast-color has-text-color has-link-color has-x-large-font-size wp-elements-803baa2a7ab168f5a5671fc2dbe3af94\">Impressum<\/h2>\n\n\n\n<p><strong>Touch Heaven Lienz<\/strong><\/p>\n\n\n\n<p>Obmann Franz Brandst\u00e4tter<br>Kassier Karin Strobl<br>Postleite 7, A \u2013 9905 Gaimberg<br>E-Mail: touchheavenlienz@gmail.com<br>Phone: +43 664 3023840<br>Monday to Friday from 08:00 to 12:00 hrs<\/p>\n\n\n\n<h2 class=\"wp-block-heading\">Datenschutzerkl\u00e4rung<\/h2>\n\n\n\n<h3 class=\"wp-block-heading\">Anwendungsbereich<\/h3>\n\n\n\n<p>Unser Verein \u2013 Touch Heaven Lienz, Vereinsnummer 299708272 \u2013 mit Sitz in 9905 Gaimberg wei\u00df Ihr Vertrauen zu sch\u00e4tzen und wir wenden \u00e4u\u00dferste Sorgfalt und h\u00f6chste Sicherheitsstandards an, um Ihre pers\u00f6nlichen Daten vor unbefugten Zugriffen zu sch\u00fctzen. Ihre pers\u00f6nlichen Daten, die Sie im Rahmen der Aufnahme als Clubmitglied oder im Zuge sonstiger Serviceangebote angeben, sind durch technische Sicherheitssysteme gesch\u00fctzt. Bei der Verarbeitung Ihrer Daten werden Ihre schutzw\u00fcrdigen Belange gem\u00e4\u00df den gesetzlichen Bestimmungen stets ber\u00fccksichtigt. Unsere Datenschutzerkl\u00e4rung steht daher im Einklang mit der Datenschutzverordnung (DSVGO) und dem Telekommunikationsgesetz (TKG).<br><br>Auf unseren Seiten bzw. im &nbsp;internen Vereinsmanagement verarbeiten wir an unterschiedlichen Stellen personenbezogene Daten wie z.B. Name, Adresse, E-Mailadresse, etc. Wir m\u00f6chten Ihnen im Folgenden einen m\u00f6glichst detaillierten \u00dcberblick dar\u00fcber geben, was mit Ihren Daten geschieht.<br><br>Alle Angaben beziehen sich dabei auf die Nutzung der digitalen Angebote \u00fcber PC, Smartphones, Tablets sowie alle weiteren internetf\u00e4higen, mobilen oder station\u00e4ren Endger\u00e4te.&nbsp;<\/p>\n\n\n\n<h3 class=\"wp-block-heading\"><br>Kontakt und verantwortliche Stelle<\/h3>\n\n\n\n<p>Touch Heaven Lienz<br>Obmann Franz Brandst\u00e4tter<br>Postleite 7, A \u2013 9905 Gaimberg<br>E-Mail: touchheavenlienz@gmail.com<br>Phone: +43 664 3023840<br>Monday to Friday from 08:00 to 12:00 hrs<\/p>\n\n\n\n<h3 class=\"wp-block-heading\">Ihre Rechte:<\/h3>\n\n\n\n<p>Sie sind jederzeit dazu berechtigt Ihre Rechte als betroffene Person uns gegen\u00fcber geltend zu machen. Bei Vorliegen der jeweiligen gesetzlichen Voraussetzungen geh\u00f6ren hierzu die folgenden Rechte:&nbsp;<\/p>\n\n\n\n<ul class=\"wp-block-list\">\n<li>Recht auf Auskunft gem. Art. 15 EU DSGVO<br>Um Ihren schriftlichen Antrag bearbeiten zu k\u00f6nnen, sind wir verpflichtet, Ihre Identit\u00e4t sorgf\u00e4ltig zu pr\u00fcfen. Bitte haben Sie Verst\u00e4ndnis daf\u00fcr, dass wir uns vorbehalten \u2013 je nach Kritikalit\u00e4t der Daten \u2013 weitere Informationen oder Identit\u00e4tsnachweise anzufordern. Dies dient insbesondere auch dem Schutz Ihrer Daten vor unbefugtem Zugriff Dritter.&nbsp;<\/li>\n\n\n\n<li>Recht auf Berichtigung unrichtiger oder auf Vervollst\u00e4ndigung gem. Art. 16 EU DSGVO<\/li>\n\n\n\n<li>Recht auf L\u00f6schung&nbsp; gem. Art. 17 EU DSGVO<\/li>\n\n\n\n<li>Recht auf Einschr\u00e4nkung&nbsp; gem. Art. 18 EU DSGVO<\/li>\n\n\n\n<li>Recht auf Daten\u00fcbertragbarkeit gem. Art. 20 EU DSGVO<\/li>\n\n\n\n<li>Recht auf Widerspruch\/Widerruf von Einwilligungen gem. Art. 21 EU DSGVO<\/li>\n\n\n\n<li>Recht auf Beschwerde bei der Aufsichtsbeh\u00f6rde gem. Art. 13 Abs. 2 lit. d) EU DSGVO<\/li>\n<\/ul>\n\n\n\n<p>Wir m\u00f6chten Sie darauf hinweisen, dass wir uns vorbehalten Anfragen, die unangemessen h\u00e4ufig oder die ohne entsprechende Identit\u00e4tsnachweise eingehen, nicht zu bearbeiten. Hier\u00fcber werden wir Sie schriftlich informieren.<\/p>\n\n\n\n<h3 class=\"wp-block-heading\">Datenerhebung \/ Datenverwendung<\/h3>\n\n\n\n<p>Personenbezogene Daten werden auf dieser Website nur im technisch notwendigen Umfang erhoben. In keinem Fall werden die erhobenen Daten verkauft oder anderweitig vermarktet.&nbsp;<br><br>Wir erheben personenbezogene Daten f\u00fcr folgende Zwecke:&nbsp;<\/p>\n\n\n\n<ul class=\"wp-block-list\">\n<li>f\u00fcr die Aufnahme als Clubmitglied (diese werden ausdr\u00fccklich NICHT im Zuge der Nutzung der Homepage verwendet sondern nur im internen Vereinsmanagement)<\/li>\n\n\n\n<li>f\u00fcr Auswertung von Bewerben \/ Freundschaftsfliegen<\/li>\n\n\n\n<li>bei Kontakt- und Serviceanfragen (Anfragen bez\u00fcglich Fluggebiet)<\/li>\n\n\n\n<li>bei Anf\u00fchrung von Sponsoring \/ Partner-Links<\/li>\n<\/ul>\n\n\n\n<p>Auch eine Zusammenf\u00fchrung dieser Daten mit anderen Datenquellen wird nicht vorgenommen. Ihre IP-Adresse wird von uns nicht gespeichert. Sollte dies vom Plattform-Anbieter erfolgen, entnehmen Sie dies bitte dessen Datenschutzerkl\u00e4rung.<br><br>Soweit wir Ihre Kontaktdaten nicht f\u00fcr&nbsp;werbliche Zwecke im Zuge Sponsoring&nbsp;nutzen, speichern wir die von Ihnen \u00fcbermittelten Daten bis zum Ablauf der gesetzlichen bzw. m\u00f6glicher vertraglicher Gew\u00e4hrleistungs- und Garantierechte. Nach Ablauf dieser Frist bewahren wir die nach Handels- und Steuerrecht erforderlichen Informationen eines eventuellen Vertragsverh\u00e4ltnisses f\u00fcr die gesetzlich bestimmten Zeitr\u00e4ume auf. F\u00fcr diesen Zeitraum (regelm\u00e4\u00dfig zehn Jahre ab Vertragsschluss) werden die Daten allein f\u00fcr den Fall einer \u00dcberpr\u00fcfung durch die Finanzverwaltung, f\u00fcr Wirtschafts- und Steuerpr\u00fcfungszwecke sowie zur Aufkl\u00e4rung m\u00f6glicher Straftaten erneut verarbeitet.<\/p>\n\n\n\n<h3 class=\"wp-block-heading\">Besuch unserer Website<\/h3>\n\n\n\n<p>Bei Aufruf unserer Website<a href=\"https:\/\/touchheaven.net\/en\/\">&nbsp;www.touchheaven.net<\/a> &nbsp;werden grunds\u00e4tzlich keine bestimmten Daten erhoben.<\/p>\n\n\n\n<p>In den Server Log Files&nbsp;des Website-Anbieters wordpress &nbsp;werden Informationen gespeichert, die Ihr Browser automatisch aus technischen Gr\u00fcnden \u00fcbermittelt. Dies sind:<\/p>\n\n\n\n<ul class=\"wp-block-list\">\n<li>Browsertyp\/-version<\/li>\n\n\n\n<li>verwendetes Betriebssystem<\/li>\n\n\n\n<li>Referrer URL (die zuvor besuchte Seite)<\/li>\n\n\n\n<li>Hostname des zugreifenden Endger\u00e4tes (IP-Adresse, anonymisiert)<\/li>\n\n\n\n<li>Datum und Uhrzeit der Serveranfrage<\/li>\n<\/ul>\n\n\n\n<p>Bei Smartphones, Tablets und anderen mobilen Endger\u00e4ten ggf. Hersteller\/Typbezeichnung<br>Eine personenbezogene Speicherung dieser Daten erfolgt nicht. Auch eine Zusammenf\u00fchrung dieser Daten mit anderen Datenquellen wird nicht vorgenommen.&nbsp;<\/p>\n\n\n\n<p>Rechtsgrundlage f\u00fcr die Verarbeitung Ihrer IP-Adresse ist Art. 6 Abs. 1 lit. f) EU DSGVO. Unser berechtigtes Interesse folgt aus den nachfolgend aufgelisteten Zwecken der Verarbeitung:<\/p>\n\n\n\n<ul class=\"wp-block-list\">\n<li>Gew\u00e4hrleistung eines reibungslosen Verbindungsaufbaus<\/li>\n\n\n\n<li>Gew\u00e4hrleistung einer komfortablen Nutzung meiner Website\/Applikation<\/li>\n\n\n\n<li>Auswertung der Systemsicherheit und -stabilit\u00e4t<\/li>\n<\/ul>\n\n\n\n<p>Ihre IP-Adresse speichert WordPress generell anonymisiert, hierbei findet keine personenbezogene Auswertung statt. Eine vollst\u00e4ndige Speicherung der IP-Adresse erfolgt nur f\u00fcr die Nachvollziehbarkeit von technischen Fehlern und Hackerangriffen sowie zur Protokollierung von Einwilligungen, z. B. im Newsletter-Abonnement.<\/p>\n\n\n\n<p>Genaue Angaben dar\u00fcber entnehmen Sie bitte der Datenschutzerkl\u00e4rung von WordPress.<\/p>\n\n\n\n<h3 class=\"wp-block-heading\">Verwendung Ihrer Daten f\u00fcr Marketingzwecke<\/h3>\n\n\n\n<p>Wir nutzen grunds\u00e4tzlich keine Daten f\u00fcr eigene Marketingzwecke und verzichten ausdr\u00fccklich auf eine kommerzielle Weitergabe Ihrer Daten (Verkauf, Vermietung) an Dritte.<br><br>Sie k\u00f6nnen der Verwendung Ihrer Daten jederzeit durch eine kurze schriftliche Mitteilung an die unten angegebene Kontaktadresse widersprechen, ohne dass hierf\u00fcr andere als die \u00dcbermittlungskosten nach den Basistarifen entstehen.<\/p>\n\n\n\n<h3 class=\"wp-block-heading\">Weitergabe der Daten<\/h3>\n\n\n\n<p>Nachdem wir als Verein t\u00e4tig sind und keine Produktions-Partnerbetriebe haben, werden Ihre Daten nur von unserem Verein eingesehen.<\/p>\n\n\n\n<h3 class=\"wp-block-heading\">Unsere technischen Standards<\/h3>\n\n\n\n<p>Nachdem wir im Zuge der Kontaktaufnahme \u00fcber das Kontaktformular die Datentransfers des Providers wordpress nutzen, gelten deren technische Standards f\u00fcr den Datentransfer.<\/p>\n\n\n\n<h3 class=\"wp-block-heading\">Sicherheit beim Zahlungsverkehr<\/h3>\n\n\n\n<p>F\u00fcr die Bezahlung unserer Mitgliedsbeitr\u00e4ge nutzen wir \u00a0Barzahlung direkt beim Kassier oder Bank\u00fcberweisung, die Datensicherheit wird durch Ihre und unsere Bank gew\u00e4hrleistet.<\/p>\n\n\n\n<h3 class=\"wp-block-heading\">Cookies<\/h3>\n\n\n\n<p>Cookies sind kleine Textdateien, die auf Ihrem Rechner abgelegt werden und die Ihr Browser speichert. Wir selbst verwenden keine Cookies, der Plattform-Anbieter sowie auf unserer Seite verlinkte Google Maps-Eintr\u00e4ge allerdings verwenden dieses technische Hilfsmittel. N\u00e4heres entnehmen Sie bitte der Datenschutzerkl\u00e4rung der Plattformen.<\/p>\n\n\n\n<p>Cookies erm\u00f6glichen den Systemen, Ihren Browser zu erkennen und Ihnen z.B. Werbung f\u00fcr Sonderaktionen nur begrenzt h\u00e4ufig zu pr\u00e4sentieren. Cookies erm\u00f6glichen es, Internet-Angebote Ihren Bed\u00fcrfnissen optimal anzupassen.<\/p>\n\n\n\n<h3 class=\"wp-block-heading\">Einsatz von Z\u00e4hlpixeln<\/h3>\n\n\n\n<p>Wir selbst verwenden keine Z\u00e4hlpixel, ob allerdings der Plattform-Anbieter diese verwendet, lesen Sie bitte in deren Datenschutzerkl\u00e4rung nach.<\/p>\n\n\n\n<h3 class=\"wp-block-heading\">Einsatz von Social Plug-ins<\/h3>\n\n\n\n<p>So genannte &#8222;Social Plug-ins&#8220; sind Technologien, die es Ihnen als Anwender erm\u00f6glichen bestimmte Inhalte \u00fcber eine direkte Anbindung Mitgliedern von sozialen Netzwerken bekanntzumachen. Eine diesbez\u00fcgliche Nutzung des Plattform-Anbieters entnehmen Sie aus dessen Datenschutzerkl\u00e4rung.<\/p>\n\n\n\n<h3 class=\"wp-block-heading\">Webseitenanalyse mittels Trackingsoftware<\/h3>\n\n\n\n<p>Nachdem wir selbst keine Webseitenanalyse vornehmen, darf ich Sie bitten, sich auf der Datenschutzerkl\u00e4rung des Plattform-Anbieters \u00fcber deren Webseitenanalyse mittels Trackingsoftware zu informieren.<\/p>\n\n\n\n<h3 class=\"wp-block-heading\">Berechtigung, Ver\u00e4nderung und L\u00f6schung pers\u00f6nlicher Daten<\/h3>\n\n\n\n<p>Die von Ihnen angegebenen Daten k\u00f6nnen Sie jederzeit \u00fcber den Plattform-Anbieter, per Mail oder Telefon aktualisieren oder eine unwiderrufliche L\u00f6schung Ihrer Daten bei uns beauftragen. Wobei wir nochmals dezidiert darauf hinweisen, dass wir Ihre Daten ausschlie\u00dflich f\u00fcr die Aufnahme als Clubmitglied verwenden oder im Falle, dass Sie uns ein Sponsoring zukommen lassen bzw. zur Wahrung der steuerrechtlichen gesetzlichen Vorschriften (siehe oben).<\/p>\n\n\n\n<h3 class=\"wp-block-heading\">Auskunfts- und Widerspruchsrecht<\/h3>\n\n\n\n<p>Ihr Vertrauen ist uns wichtig. Daher m\u00f6chten wir Ihnen jederzeit Rede und Antwort bez\u00fcglich der Verarbeitung Ihrer personenbezogenen Daten stehen. Sie haben jederzeit das Recht auf Auskunft \u00fcber die bez\u00fcglich Ihrer Person bei uns gespeicherten Daten, deren Herkunft und Empf\u00e4nger sowie den Zweck der Speicherung. Sofern Sie eine Auskunft \u00fcber Ihre bei uns gespeicherten Daten erhalten m\u00f6chten, wenden Sie sich bitte schriftlich direkt an &nbsp;<a href=\"mailto:touchheavenlienz@gmail.com\">touchheavenlienz@gmail.com<\/a> .<\/p>\n\n\n\n<p>Ebenso sind wir verpflichtet, auf Verlangen die \u00fcber Sie gespeicherten Daten zu berichtigen, zu sperren oder zu l\u00f6schen, sofern andere gesetzliche Regelungen (z.B. gesetzliche Aufbewahrungspflichten) dem nicht entgegenstehen.<br><br>Wenn Sie Fragen haben oder Sie in einem der genannten F\u00e4lle von Ihrem Widerspruchsrecht Gebrauch machen m\u00f6chten, nehmen Sie gerne Kontakt zu uns auf:<br><br><strong>Touch Heaven Lienz<\/strong><br><strong>Obmann Franz Brandst\u00e4tter<\/strong><br><strong>Postleite 7<\/strong>, <strong>A &#8211; 9905 Gaimberg<br>E-Mail: touchheavenlienz@gmail.com<br>Phone: +43 664 3023840<br>Monday to Friday from 08:00 to 12:00 hrs<\/strong><\/p>","protected":false},"excerpt":{"rendered":"<p>Impressum Touch Heaven Lienz Obmann Franz Brandst\u00e4tterKassier Karin StroblPostleite 7, A \u2013 9905 GaimbergE-Mail: touchheavenlienz@gmail.comTelefon: +43 664 3023840Erreichbarkeit Montag bis Freitag 08:00 bis 12:00 Uhr Datenschutzerkl\u00e4rung Anwendungsbereich Unser Verein \u2013 Touch Heaven Lienz, Vereinsnummer 299708272 \u2013 mit Sitz in 9905 Gaimberg wei\u00df Ihr Vertrauen zu sch\u00e4tzen und wir wenden \u00e4u\u00dferste Sorgfalt und h\u00f6chste Sicherheitsstandards an, [&hellip;]<\/p>\n","protected":false},"author":26,"featured_media":0,"parent":0,"menu_order":0,"comment_status":"closed","ping_status":"closed","template":"","meta":{"footnotes":""},"class_list":["post-1802","page","type-page","status-publish","hentry"],"_links":{"self":[{"href":"https:\/\/touchheaven.net\/en\/wp-json\/wp\/v2\/pages\/1802","targetHints":{"allow":["GET"]}}],"collection":[{"href":"https:\/\/touchheaven.net\/en\/wp-json\/wp\/v2\/pages"}],"about":[{"href":"https:\/\/touchheaven.net\/en\/wp-json\/wp\/v2\/types\/page"}],"author":[{"embeddable":true,"href":"https:\/\/touchheaven.net\/en\/wp-json\/wp\/v2\/users\/26"}],"replies":[{"embeddable":true,"href":"https:\/\/touchheaven.net\/en\/wp-json\/wp\/v2\/comments?post=1802"}],"version-history":[{"count":13,"href":"https:\/\/touchheaven.net\/en\/wp-json\/wp\/v2\/pages\/1802\/revisions"}],"predecessor-version":[{"id":1893,"href":"https:\/\/touchheaven.net\/en\/wp-json\/wp\/v2\/pages\/1802\/revisions\/1893"}],"wp:attachment":[{"href":"https:\/\/touchheaven.net\/en\/wp-json\/wp\/v2\/media?parent=1802"}],"curies":[{"name":"wp","href":"https:\/\/api.w.org\/{rel}","templated":true}]}}